{"id":47,"date":"2022-10-20T11:38:02","date_gmt":"2022-10-20T11:38:02","guid":{"rendered":"https:\/\/espac.cadiz.es\/?page_id=47"},"modified":"2022-10-23T11:15:20","modified_gmt":"2022-10-23T11:15:20","slug":"acciones-formativas","status":"publish","type":"page","link":"https:\/\/espac.cadiz.es\/?page_id=47","title":{"rendered":"AREAS DE ENSE\u00d1ANZA"},"content":{"rendered":"\n<div class=\"is-layout-flex wp-container-2 wp-block-columns\">\n<div class=\"is-layout-flow wp-block-column\" style=\"flex-basis:100%\">\n<figure class=\"wp-block-table is-style-stripes\"><table><tbody><tr><td><strong>\u00c1rea de funci\u00f3n policial<\/strong><br>&nbsp;<br>Incluye asignaturas que proporcionan conocimientos sobre el modelo organizativo policial, funciones de la polic\u00eda local, t\u00e9cnicas generales de actuaci\u00f3n profesional.<\/td><td><strong>\u00c1rea jur\u00eddica<\/strong><br>&nbsp;<br>Incluye aquellas disciplinas que proporcionan al cuerpo de polic\u00eda conocimientos sobre el marco jur\u00eddico en el que va a desempe\u00f1ar su funci\u00f3n.<\/td><\/tr><tr><td><strong>\u00c1rea de organizaci\u00f3n y gesti\u00f3n municipal<\/strong><br>&nbsp;<br>Su objetivo general es proporcionar los conocimientos te\u00f3ricos-pr\u00e1cticos referentes a la Administraci\u00f3n Municipal. Incluye aquellas materias que han de proporcionar al alumnado una calificaci\u00f3n adecuada en todos aquellos asuntos que son competencia del Ayuntamiento de C\u00e1diz.<\/td><td><strong>&nbsp;<\/strong><br><strong>\u00c1rea de tecnolog\u00eda policial<\/strong><br>&nbsp;<br>Contiene asignaturas que proporcionan al cuerpo de polic\u00eda conocimientos t\u00e9cnicos del uso y conservaci\u00f3n de equipos y medios espec\u00edficos para su actuaci\u00f3n, as\u00ed como una adecuada formaci\u00f3n f\u00edsica y t\u00e9cnica de defensa personal.<\/td><\/tr><tr><td><strong>\u00c1rea human\u00edstica<\/strong><br>&nbsp;<br>Incluye un conjunto de materias que permitir\u00e1n al alumnado contar con instrumentos v\u00e1lidos de interpretaci\u00f3n y an\u00e1lisis de las estructuras sociales y el comportamiento humano, as\u00ed como dotarle de un conocimiento claro de la deontolog\u00eda policial.<\/td><td><strong>\u00c1rea de tr\u00e1fico<\/strong><br>&nbsp;<br>1. Materias relacionadas con la normativa sobre tr\u00e1fico y seguridad vial.<br>2. Conocimiento pr\u00e1ctico profundo sobre ordenaci\u00f3n y regulaci\u00f3n de tr\u00e1fico.<br>Actividades complementarias<br>Actividades que completar\u00e1n la formaci\u00f3n del alumnado.<br>Actividades para otros departamentos<br>&nbsp;<\/td><\/tr><\/tbody><\/table><\/figure>\n<\/div>\n<\/div>\n\n\n\n<p><\/p>\n\n\n\n<p>Los planes de estudio, horarios y sistema de evaluaci\u00f3n para la formaci\u00f3n, promoci\u00f3n, reciclaje, perfeccionamiento y especializaci\u00f3n de la Polic\u00eda Local de C\u00e1diz podr\u00e1n ser, presencial, semi presencial y online a trav\u00e9s de la plataforma de formaci\u00f3n virtual de la ESPAC.&nbsp;<\/p>\n\n\n\n<p>Todos los planes de estudio, ir\u00e1n encaminados a dar cumplimiento sobre los objetivos en la Formaci\u00f3n B\u00e1sica Capitulo II, Promoci\u00f3n y Acceso Capitulo III, Especializaci\u00f3n Capitulo IV y Formaci\u00f3n Permanente Capitulo V del Reglamento de la ESPAC.&nbsp;&nbsp;<\/p>\n","protected":false},"excerpt":{"rendered":"<p>\u00c1rea de funci\u00f3n policial&nbsp;Incluye asignaturas que proporcionan conocimientos sobre el modelo organizativo policial, funciones de la polic\u00eda local, t\u00e9cnicas generales &hellip; <\/p>\n","protected":false},"author":1,"featured_media":0,"parent":0,"menu_order":0,"comment_status":"closed","ping_status":"closed","template":"","meta":[],"_links":{"self":[{"href":"https:\/\/espac.cadiz.es\/index.php?rest_route=\/wp\/v2\/pages\/47"}],"collection":[{"href":"https:\/\/espac.cadiz.es\/index.php?rest_route=\/wp\/v2\/pages"}],"about":[{"href":"https:\/\/espac.cadiz.es\/index.php?rest_route=\/wp\/v2\/types\/page"}],"author":[{"embeddable":true,"href":"https:\/\/espac.cadiz.es\/index.php?rest_route=\/wp\/v2\/users\/1"}],"replies":[{"embeddable":true,"href":"https:\/\/espac.cadiz.es\/index.php?rest_route=%2Fwp%2Fv2%2Fcomments&post=47"}],"version-history":[{"count":7,"href":"https:\/\/espac.cadiz.es\/index.php?rest_route=\/wp\/v2\/pages\/47\/revisions"}],"predecessor-version":[{"id":92,"href":"https:\/\/espac.cadiz.es\/index.php?rest_route=\/wp\/v2\/pages\/47\/revisions\/92"}],"wp:attachment":[{"href":"https:\/\/espac.cadiz.es\/index.php?rest_route=%2Fwp%2Fv2%2Fmedia&parent=47"}],"curies":[{"name":"wp","href":"https:\/\/api.w.org\/{rel}","templated":true}]}}