{"id":213,"date":"2023-12-12T11:03:00","date_gmt":"2023-12-12T11:03:00","guid":{"rendered":"https:\/\/espac.cadiz.es\/?page_id=213"},"modified":"2024-04-16T09:32:18","modified_gmt":"2024-04-16T09:32:18","slug":"normativa-diversa","status":"publish","type":"page","link":"https:\/\/espac.cadiz.es\/?page_id=213","title":{"rendered":"NORMATIVA TRAFICO"},"content":{"rendered":"\n<p><\/p>\n\n\n\n<figure class=\"wp-block-image size-large\"><img decoding=\"async\" loading=\"lazy\" width=\"1024\" height=\"577\" src=\"https:\/\/espac.cadiz.es\/wp-content\/uploads\/2022\/10\/Diseno-sin-titulo-3-1024x577.png\" alt=\"\" class=\"wp-image-73\" srcset=\"https:\/\/espac.cadiz.es\/wp-content\/uploads\/2022\/10\/Diseno-sin-titulo-3-1024x577.png 1024w, https:\/\/espac.cadiz.es\/wp-content\/uploads\/2022\/10\/Diseno-sin-titulo-3-300x169.png 300w, https:\/\/espac.cadiz.es\/wp-content\/uploads\/2022\/10\/Diseno-sin-titulo-3-768x433.png 768w, https:\/\/espac.cadiz.es\/wp-content\/uploads\/2022\/10\/Diseno-sin-titulo-3-1536x865.png 1536w, https:\/\/espac.cadiz.es\/wp-content\/uploads\/2022\/10\/Diseno-sin-titulo-3.png 1640w\" sizes=\"(max-width: 1024px) 100vw, 1024px\" \/><\/figure>\n\n\n\n<h1 class=\"has-text-align-center\"><strong>Normativa Tr\u00e1fico<\/strong><\/h1>\n\n\n\n<p><\/p>\n\n\n\n<div class=\"is-layout-flex wp-container-4 wp-block-columns alignfull are-vertically-aligned-top has-text-color has-background\" style=\"color:#000000;background-color:#ffffff\">\n<div class=\"is-layout-flow wp-block-column is-vertically-aligned-top\">\n<h3 style=\"font-size:24px;line-height:1.3\"><a href=\"https:\/\/www.boe.es\/eli\/es\/rdlg\/2015\/10\/30\/6\/con\" data-type=\"URL\" data-id=\"https:\/\/www.boe.es\/eli\/es\/rdlg\/2015\/10\/30\/6\/con\" target=\"_blank\" rel=\"noreferrer noopener\">Real Decreto Legislativo 6\/2015, de 30 de octubre, por el que se aprueba el texto refundido de la Ley sobre Tr\u00e1fico, Circulaci\u00f3n de Veh\u00edculos a Motor y Seguridad Vial.<\/a><\/h3>\n\n\n\n<p><\/p>\n<\/div>\n\n\n\n<div class=\"is-layout-flow wp-block-column is-vertically-aligned-top\">\n<h3 style=\"font-size:24px;line-height:1.3\"><a href=\"https:\/\/www.boe.es\/eli\/es\/rd\/2003\/11\/21\/1428\/con\" data-type=\"URL\" data-id=\"https:\/\/www.boe.es\/eli\/es\/rd\/2003\/11\/21\/1428\/con\" target=\"_blank\" rel=\"noreferrer noopener\">Real Decreto 1428\/2003, de 21 de noviembre, por el que se aprueba el Reglamento General de Circulaci\u00f3n para la aplicaci\u00f3n y desarrollo del texto articulado de la Ley sobre tr\u00e1fico, circulaci\u00f3n de veh\u00edculos a motor y seguridad vial, aprobado por el Real Decreto Legislativo 339\/1990, de 2 de marzo.<\/a><\/h3>\n\n\n\n<p><\/p>\n\n\n\n<p><\/p>\n<\/div>\n\n\n\n<div class=\"is-layout-flow wp-block-column is-vertically-aligned-top\">\n<h3 style=\"font-size:24px;line-height:1.3\"><a href=\"https:\/\/www.boe.es\/eli\/es\/rd\/2009\/05\/08\/818\/con\" data-type=\"URL\" data-id=\"https:\/\/www.boe.es\/eli\/es\/rd\/2009\/05\/08\/818\/con\" target=\"_blank\" rel=\"noreferrer noopener\">Real Decreto 818\/2009, de 8 de mayo, por el que se aprueba el Reglamento General de Conductores.<\/a><\/h3>\n<\/div>\n<\/div>\n\n\n\n<div class=\"is-layout-flex wp-container-8 wp-block-columns alignfull are-vertically-aligned-top has-text-color has-background\" style=\"color:#000000;background-color:#ffffff\">\n<div class=\"is-layout-flow wp-block-column is-vertically-aligned-top\">\n<h3 style=\"font-size:24px;line-height:1.3\"><a href=\"https:\/\/www.boe.es\/eli\/es\/rd\/1998\/12\/23\/2822\/con\" data-type=\"URL\" data-id=\"https:\/\/www.boe.es\/eli\/es\/rd\/1998\/12\/23\/2822\/con\" target=\"_blank\" rel=\"noreferrer noopener\">Real Decreto 2822\/1998, de 23 de diciembre, por el que se aprueba el Reglamento General de Veh\u00edculos.<\/a><\/h3>\n\n\n\n<p><\/p>\n<\/div>\n\n\n\n<div class=\"is-layout-flow wp-block-column is-vertically-aligned-top\">\n<h3 style=\"font-size:24px;line-height:1.3\"><a href=\"https:\/\/www.boe.es\/eli\/es\/rdlg\/2004\/10\/29\/8\/con\" data-type=\"URL\" data-id=\"https:\/\/www.boe.es\/eli\/es\/rdlg\/2004\/10\/29\/8\/con\" target=\"_blank\" rel=\"noreferrer noopener\">Real Decreto Legislativo 8\/2004, de 29 de octubre, por el que se aprueba el texto refundido de la Ley sobre responsabilidad civil y seguro en la circulaci\u00f3n de veh\u00edculos a motor.<\/a><\/h3>\n\n\n\n<p><\/p>\n<\/div>\n\n\n\n<div class=\"is-layout-flow wp-block-column is-vertically-aligned-top\">\n<h3 style=\"font-size:24px;line-height:1.3\"><a href=\"https:\/\/www.boe.es\/eli\/es\/rd\/2008\/09\/12\/1507\/con\" data-type=\"URL\" data-id=\"https:\/\/www.boe.es\/eli\/es\/rd\/2008\/09\/12\/1507\/con\" target=\"_blank\" rel=\"noreferrer noopener\">Real Decreto 1507\/2008, de 12 de septiembre, por el que se aprueba el Reglamento del seguro obligatorio de responsabilidad civil en la circulaci\u00f3n de veh\u00edculos a motor.<\/a><\/h3>\n<\/div>\n<\/div>\n\n\n\n<div class=\"is-layout-flex wp-container-12 wp-block-columns alignfull are-vertically-aligned-top has-text-color has-background\" style=\"color:#000000;background-color:#ffffff\">\n<div class=\"is-layout-flow wp-block-column is-vertically-aligned-top\">\n<h3 style=\"font-size:24px;line-height:1.3\"><a href=\"https:\/\/www.boe.es\/eli\/es\/l\/2021\/12\/20\/18\" data-type=\"URL\" data-id=\"https:\/\/www.boe.es\/eli\/es\/l\/2021\/12\/20\/18\" target=\"_blank\" rel=\"noreferrer noopener\">Ley 18\/2021, de 20 de diciembre, por la que se modifica el texto refundido de la Ley sobre Tr\u00e1fico, Circulaci\u00f3n de Veh\u00edculos a Motor y Seguridad Vial, aprobado por el Real Decreto Legislativo 6\/2015, de 30 de octubre, en materia del permiso y licencia de conducci\u00f3n por puntos.<\/a><\/h3>\n\n\n\n<p><\/p>\n<\/div>\n\n\n\n<div class=\"is-layout-flow wp-block-column is-vertically-aligned-top\">\n<h3 style=\"font-size:24px;line-height:1.3\"><a href=\"https:\/\/www.boe.es\/eli\/es\/rd\/2017\/10\/23\/920\/con\" data-type=\"URL\" data-id=\"https:\/\/www.boe.es\/eli\/es\/rd\/2017\/10\/23\/920\/con\" target=\"_blank\" rel=\"noreferrer noopener\">Real Decreto 920\/2017, de 23 de octubre, por el que se regula la inspecci\u00f3n t\u00e9cnica de veh\u00edculos.<\/a><\/h3>\n\n\n\n<p><\/p>\n<\/div>\n\n\n\n<div class=\"is-layout-flow wp-block-column is-vertically-aligned-top\">\n<h3 style=\"font-size:24px;line-height:1.3\"><a href=\"https:\/\/www.boe.es\/eli\/es\/rd\/2001\/04\/27\/443\/con\" data-type=\"URL\" data-id=\"https:\/\/www.boe.es\/eli\/es\/rd\/2001\/04\/27\/443\/con\" target=\"_blank\" rel=\"noreferrer noopener\">Real Decreto 443\/2001, de 27 de abril, sobre condiciones de seguridad en el transporte escolar y de menores.<\/a><\/h3>\n<\/div>\n<\/div>\n\n\n\n<div class=\"is-layout-flex wp-container-16 wp-block-columns alignfull are-vertically-aligned-top has-text-color has-background\" style=\"color:#000000;background-color:#ffffff\">\n<div class=\"is-layout-flow wp-block-column is-vertically-aligned-top\">\n<h3 style=\"font-size:24px;line-height:1.3\"><a href=\"https:\/\/www.boe.es\/eli\/es-cb\/l\/2014\/11\/17\/1\" data-type=\"URL\" data-id=\"https:\/\/www.boe.es\/eli\/es-cb\/l\/2014\/11\/17\/1\" target=\"_blank\" rel=\"noreferrer noopener\">Ley 1\/2014, de 17 de noviembre, de Transporte de Viajeros por Carretera.<\/a><\/h3>\n\n\n\n<p><\/p>\n<\/div>\n\n\n\n<div class=\"is-layout-flow wp-block-column is-vertically-aligned-top\">\n<h3 style=\"font-size:24px;line-height:1.3\"><a href=\"https:\/\/www.boe.es\/eli\/es\/l\/1987\/07\/30\/16\/con\" data-type=\"URL\" data-id=\"https:\/\/www.boe.es\/eli\/es\/l\/1987\/07\/30\/16\/con\" target=\"_blank\" rel=\"noreferrer noopener\">Ley 16\/1987, de 30 de julio, de Ordenaci\u00f3n de los Transportes Terrestres.<\/a><\/h3>\n\n\n\n<p><\/p>\n<\/div>\n\n\n\n<div class=\"is-layout-flow wp-block-column is-vertically-aligned-top\">\n<h3 style=\"font-size:24px;line-height:1.3\"><a href=\"https:\/\/www.boe.es\/eli\/es\/res\/2022\/01\/12\/(3)\" data-type=\"URL\" data-id=\"https:\/\/www.boe.es\/eli\/es\/res\/2022\/01\/12\/(3)\" target=\"_blank\" rel=\"noreferrer noopener\">Resoluci\u00f3n de 12 de enero de 2022, de la Direcci\u00f3n General de Tr\u00e1fico, por la que se aprueba el Manual de caracter\u00edsticas de los veh\u00edculos de movilidad personal.<\/a><\/h3>\n<\/div>\n<\/div>\n\n\n\n<div class=\"is-layout-flex wp-container-20 wp-block-columns alignfull are-vertically-aligned-top has-text-color has-background\" style=\"color:#000000;background-color:#ffffff\">\n<div class=\"is-layout-flow wp-block-column is-vertically-aligned-top\">\n<h3 style=\"font-size:24px;line-height:1.3\"><a href=\"https:\/\/www.boe.es\/eli\/es\/rd\/2020\/11\/10\/971\" data-type=\"URL\" data-id=\"https:\/\/www.boe.es\/eli\/es\/rd\/2020\/11\/10\/971\" target=\"_blank\" rel=\"noreferrer noopener\">Real Decreto 971\/2020, de 10 de noviembre, por el que se modifica el Reglamento General de Conductores, aprobado por Real Decreto 818\/2009, de 8 de mayo.<\/a><\/h3>\n\n\n\n<p><\/p>\n<\/div>\n\n\n\n<div class=\"is-layout-flow wp-block-column is-vertically-aligned-top\">\n<h3 style=\"font-size:24px;line-height:1.3\"><a href=\"https:\/\/www.boe.es\/eli\/es\/rd\/2020\/11\/10\/970\" data-type=\"URL\" data-id=\"https:\/\/www.boe.es\/eli\/es\/rd\/2020\/11\/10\/970\" target=\"_blank\" rel=\"noreferrer noopener\">Real Decreto 970\/2020, de 10 de noviembre, por el que se modifican el Reglamento General de Circulaci\u00f3n, aprobado por Real Decreto 1428\/2003, de 21 de noviembre y el Reglamento General de Veh\u00edculos, aprobado por Real Decreto 2822\/1998, de 23 de diciembre, en materia de medidas urbanas de tr\u00e1fico.<\/a><\/h3>\n\n\n\n<p><\/p>\n<\/div>\n\n\n\n<div class=\"is-layout-flow wp-block-column is-vertically-aligned-top\">\n<h3 style=\"font-size:24px;line-height:1.3\"><a href=\"https:\/\/www.boe.es\/buscar\/doc.php?id=FIS-C-2011-00010\" data-type=\"URL\" data-id=\"https:\/\/www.boe.es\/buscar\/doc.php?id=FIS-C-2011-00010\">Circular 10-2011 (F.G.E.), Sobre criterios para la unidad de actuaci\u00f3n especializada del Ministerio Fiscal en materia de seguridad vial<\/a><\/h3>\n<\/div>\n<\/div>\n\n\n\n<div class=\"is-layout-flex wp-container-24 wp-block-columns alignfull are-vertically-aligned-top has-text-color has-background\" style=\"color:#000000;background-color:#ffffff\">\n<div class=\"is-layout-flow wp-block-column is-vertically-aligned-top\">\n<h3 style=\"font-size:24px;line-height:1.3\"><a href=\"https:\/\/www.boe.es\/eli\/es\/rd\/1990\/09\/28\/1211\/con\" data-type=\"URL\" data-id=\"https:\/\/www.boe.es\/eli\/es\/rd\/1990\/09\/28\/1211\/con\" target=\"_blank\" rel=\"noreferrer noopener\">Real Decreto 1211\/1990, de 28 de septiembre, por el que se aprueba el Reglamento de la Ley de Ordenaci\u00f3n de los Transportes Terrestres.<\/a><\/h3>\n\n\n\n<p><\/p>\n<\/div>\n\n\n\n<div class=\"is-layout-flow wp-block-column is-vertically-aligned-top\">\n<h3 style=\"font-size:24px;line-height:1.3\"><a href=\"https:\/\/www.juntadeandalucia.es\/boja\/2022\/189\/2\" data-type=\"URL\" data-id=\"https:\/\/www.juntadeandalucia.es\/boja\/2022\/189\/2\" target=\"_blank\" rel=\"noreferrer noopener\">Decreto-ley 8\/2022, de 27 de septiembre, por el que se modifica la Ley 2\/2003, de 12 de mayo, de Transportes Urbanos y Metropolitanos de Viajeros en Andaluc\u00eda.<\/a><\/h3>\n\n\n\n<p><\/p>\n<\/div>\n\n\n\n<div class=\"is-layout-flow wp-block-column is-vertically-aligned-top\">\n<h3 style=\"font-size:24px;line-height:1.3\"><a href=\"https:\/\/www.boe.es\/eli\/es-an\/l\/2003\/05\/12\/2\" data-type=\"URL\" data-id=\"https:\/\/www.boe.es\/eli\/es-an\/l\/2003\/05\/12\/2\" target=\"_blank\" rel=\"noreferrer noopener\">Ley 2\/2003, de 12 de mayo, de Ordenaci\u00f3n de los Transportes Urbanos y Metropolitanos de Viajeros en Andaluc\u00eda.<\/a><\/h3>\n<\/div>\n<\/div>\n\n\n\n<div class=\"is-layout-flex wp-container-28 wp-block-columns alignfull are-vertically-aligned-top has-text-color has-background\" style=\"color:#000000;background-color:#ffffff\">\n<div class=\"is-layout-flow wp-block-column is-vertically-aligned-top\">\n<h3 style=\"font-size:24px;line-height:1.3\"><a href=\"https:\/\/www.boe.es\/biblioteca_juridica\/codigos\/codigo.php?id=20&amp;modo=2&amp;nota=0\" data-type=\"URL\" data-id=\"https:\/\/www.boe.es\/biblioteca_juridica\/codigos\/codigo.php?id=20&amp;modo=2&amp;nota=0\" target=\"_blank\" rel=\"noreferrer noopener\">C\u00f3digo de Tr\u00e1fico y Seguridad Vial (Actualizado)<\/a><\/h3>\n\n\n\n<p><\/p>\n<\/div>\n\n\n\n<div class=\"is-layout-flow wp-block-column is-vertically-aligned-top\">\n<h3 style=\"font-size:24px;line-height:1.3\"><a href=\"https:\/\/www.fiscal.es\/documents\/20142\/84355e80-e3f5-9310-77d3-9554be599c46\" data-type=\"URL\" data-id=\"https:\/\/www.fiscal.es\/documents\/20142\/84355e80-e3f5-9310-77d3-9554be599c46\" target=\"_blank\" rel=\"noreferrer noopener\">Oficio Fiscal de sala Coordinador de Seguridad Vial Polic\u00edas de Tr\u00e1fico tras SSTS decimales en art. 379.2 CP<\/a><\/h3>\n\n\n\n<p><\/p>\n<\/div>\n\n\n\n<div class=\"is-layout-flow wp-block-column is-vertically-aligned-top\">\n<h3><a href=\"https:\/\/www.juntadeandalucia.es\/export\/drupaljda\/n.s._num._1.08.pdf\" data-type=\"URL\" data-id=\"https:\/\/www.juntadeandalucia.es\/export\/drupaljda\/n.s._num._1.08.pdf\" target=\"_blank\" rel=\"noreferrer noopener\">N.S. N.\u00ba 1-08 Conducci\u00f3n con velocidad superior a la permitida, art. 379.1 del C\u00f3digo Penal, Fiscal Delegado de <\/a><a href=\"https:\/\/www.juntadeandalucia.es\/export\/drupaljda\/n.s._num._2.09.pdf\" data-type=\"URL\" data-id=\"https:\/\/www.juntadeandalucia.es\/export\/drupaljda\/n.s._num._2.09.pdf\" target=\"_blank\" rel=\"noreferrer noopener\">Seguridad Vial para Andaluc\u00eda<\/a> <\/h3>\n<\/div>\n<\/div>\n\n\n\n<div class=\"is-layout-flex wp-container-32 wp-block-columns alignfull are-vertically-aligned-top has-text-color has-background\" style=\"color:#000000;background-color:#ffffff\">\n<div class=\"is-layout-flow wp-block-column is-vertically-aligned-top\">\n<h3 style=\"font-size:24px;line-height:1.3\"><a rel=\"noreferrer noopener\" href=\"https:\/\/www.juntadeandalucia.es\/export\/drupaljda\/n.s._num._2.08.pdf\" data-type=\"URL\" data-id=\"https:\/\/www.juntadeandalucia.es\/export\/drupaljda\/n.s._num._2.08.pdf\" target=\"_blank\">N.S. N.\u00ba 2-08 Conducci\u00f3n sin permiso, art. 384 del C\u00f3digo Penal, Fiscal Delegado de <\/a><a rel=\"noreferrer noopener\" href=\"https:\/\/www.juntadeandalucia.es\/export\/drupaljda\/n.s._num._2.09.pdf\" data-type=\"URL\" data-id=\"https:\/\/www.juntadeandalucia.es\/export\/drupaljda\/n.s._num._2.09.pdf\" target=\"_blank\">Seguridad Vial para Andaluc\u00eda<\/a><\/h3>\n\n\n\n<p><\/p>\n<\/div>\n\n\n\n<div class=\"is-layout-flow wp-block-column is-vertically-aligned-top\">\n<h3 style=\"font-size:24px;line-height:1.3\"><a rel=\"noreferrer noopener\" href=\"https:\/\/www.juntadeandalucia.es\/export\/drupaljda\/n.s._num._2.09.pdf\" data-type=\"URL\" data-id=\"https:\/\/www.juntadeandalucia.es\/export\/drupaljda\/n.s._num._2.09.pdf\" target=\"_blank\">N.S. <\/a><a rel=\"noreferrer noopener\" href=\"https:\/\/www.juntadeandalucia.es\/export\/drupaljda\/n.s._num._2.09.pdf\" data-type=\"URL\" data-id=\"https:\/\/www.juntadeandalucia.es\/export\/drupaljda\/n.s._num._2.09.pdf\" target=\"_blank\">N.\u00ba<\/a><a rel=\"noreferrer noopener\" href=\"https:\/\/www.juntadeandalucia.es\/export\/drupaljda\/n.s._num._2.09.pdf\" data-type=\"URL\" data-id=\"https:\/\/www.juntadeandalucia.es\/export\/drupaljda\/n.s._num._2.09.pdf\" target=\"_blank\"> 2-09 Sobre permisos y licencias de determinados veh\u00edculos a efectos del art. 384 del C\u00f3digo Penal, Fiscal Delegado de Seguridad Vial para Andaluc\u00eda<\/a><\/h3>\n\n\n\n<p><\/p>\n<\/div>\n\n\n\n<div class=\"is-layout-flow wp-block-column is-vertically-aligned-top\">\n<h3><a rel=\"noreferrer noopener\" href=\"https:\/\/www.juntadeandalucia.es\/export\/drupaljda\/n.s._num._3.09.pdf\" data-type=\"URL\" data-id=\"https:\/\/www.juntadeandalucia.es\/export\/drupaljda\/n.s._num._3.09.pdf\" target=\"_blank\">N.S. N.\u00ba 3-09 Sobre las licencias y permisos de conducir tras la reforma del Reglamento de Conductores<\/a><a rel=\"noreferrer noopener\" href=\"https:\/\/www.juntadeandalucia.es\/export\/drupaljda\/n.s._num._3.09.pdf\" data-type=\"URL\" data-id=\"https:\/\/www.juntadeandalucia.es\/export\/drupaljda\/n.s._num._3.09.pdf\" target=\"_blank\">,<\/a><a rel=\"noreferrer noopener\" href=\"https:\/\/www.juntadeandalucia.es\/export\/drupaljda\/n.s._num._3.09.pdf\" data-type=\"URL\" data-id=\"https:\/\/www.juntadeandalucia.es\/export\/drupaljda\/n.s._num._3.09.pdf\" target=\"_blank\"> Fiscal\u00eda Superior de Andaluc\u00eda de Seguridad Vial<\/a><\/h3>\n<\/div>\n<\/div>\n\n\n\n<div class=\"is-layout-flex wp-container-36 wp-block-columns\">\n<div class=\"is-layout-flow wp-block-column\">\n<h3><a href=\"https:\/\/www.juntadeandalucia.es\/export\/drupaljda\/n.s._num._1.11.pdf\" data-type=\"URL\" data-id=\"https:\/\/www.juntadeandalucia.es\/export\/drupaljda\/n.s._num._1.11.pdf\" target=\"_blank\" rel=\"noreferrer noopener\">N.S. N.\u00ba 1-11 Sobre el comiso policial de veh\u00edculos a motor y ciclomotores Fiscal\u00eda Superior de Andaluc\u00eda de Seguridad Vial<\/a><\/h3>\n<\/div>\n\n\n\n<div class=\"is-layout-flow wp-block-column\"><\/div>\n\n\n\n<div class=\"is-layout-flow wp-block-column\"><\/div>\n<\/div>\n","protected":false},"excerpt":{"rendered":"<p>Normativa Tr\u00e1fico Real Decreto Legislativo 6\/2015, de 30 de octubre, por el que se aprueba el texto refundido de la &hellip; <\/p>\n","protected":false},"author":1,"featured_media":0,"parent":0,"menu_order":0,"comment_status":"closed","ping_status":"closed","template":"","meta":[],"_links":{"self":[{"href":"https:\/\/espac.cadiz.es\/index.php?rest_route=\/wp\/v2\/pages\/213"}],"collection":[{"href":"https:\/\/espac.cadiz.es\/index.php?rest_route=\/wp\/v2\/pages"}],"about":[{"href":"https:\/\/espac.cadiz.es\/index.php?rest_route=\/wp\/v2\/types\/page"}],"author":[{"embeddable":true,"href":"https:\/\/espac.cadiz.es\/index.php?rest_route=\/wp\/v2\/users\/1"}],"replies":[{"embeddable":true,"href":"https:\/\/espac.cadiz.es\/index.php?rest_route=%2Fwp%2Fv2%2Fcomments&post=213"}],"version-history":[{"count":42,"href":"https:\/\/espac.cadiz.es\/index.php?rest_route=\/wp\/v2\/pages\/213\/revisions"}],"predecessor-version":[{"id":436,"href":"https:\/\/espac.cadiz.es\/index.php?rest_route=\/wp\/v2\/pages\/213\/revisions\/436"}],"wp:attachment":[{"href":"https:\/\/espac.cadiz.es\/index.php?rest_route=%2Fwp%2Fv2%2Fmedia&parent=213"}],"curies":[{"name":"wp","href":"https:\/\/api.w.org\/{rel}","templated":true}]}}