{"id":135,"date":"2022-10-23T17:09:44","date_gmt":"2022-10-23T17:09:44","guid":{"rendered":"https:\/\/espac.cadiz.es\/?page_id=135"},"modified":"2022-10-29T06:10:47","modified_gmt":"2022-10-29T06:10:47","slug":"investigacion-cientifica-sobre-ufp","status":"publish","type":"page","link":"https:\/\/espac.cadiz.es\/?page_id=135","title":{"rendered":"INVESTIGACI\u00d3N CIENTIFICA INTERNACIONAL"},"content":{"rendered":"\n<div class=\"is-layout-flex wp-container-3 wp-block-columns\">\n<div class=\"is-layout-flow wp-block-column\">\n<figure class=\"wp-block-image size-full\"><a href=\"http:\/\/ijomeh.eu\/Evaluation-of-police-operational-tactical-procedures-OTP-for-reducing-officer-injuries,112181,0,2.html\" target=\"_blank\" rel=\"MAS INFO noopener\"><img decoding=\"async\" loading=\"lazy\" width=\"873\" height=\"540\" src=\"https:\/\/espac.cadiz.es\/wp-content\/uploads\/2022\/10\/Captura-de-pantalla-2019-11-05-a-las-8.37.05-2.jpg\" alt=\"\" class=\"wp-image-139\" srcset=\"https:\/\/espac.cadiz.es\/wp-content\/uploads\/2022\/10\/Captura-de-pantalla-2019-11-05-a-las-8.37.05-2.jpg 873w, https:\/\/espac.cadiz.es\/wp-content\/uploads\/2022\/10\/Captura-de-pantalla-2019-11-05-a-las-8.37.05-2-300x186.jpg 300w, https:\/\/espac.cadiz.es\/wp-content\/uploads\/2022\/10\/Captura-de-pantalla-2019-11-05-a-las-8.37.05-2-768x475.jpg 768w\" sizes=\"(max-width: 873px) 100vw, 873px\" \/><\/a><figcaption><strong>EVALUACI\u00d3N DE LOS PROCEDIMIENTOS T\u00c1CTICOS OPERATIVOS DE LA POLIC\u00cdA PARA REDUCIR LAS LESIONES DE LOS OFICIALES COMO RESULTADO DE INTERVENCIONES F\u00cdSICAS EN ARRESTOS PROBLEM\u00c1TICOS. EL CASO DE LA POLIC\u00cdA MUNICIPAL DE C\u00c1DIZ (ESPA\u00d1A)<\/strong><\/figcaption><\/figure>\n<\/div>\n\n\n\n<div class=\"is-layout-flow wp-block-column\">\n<figure class=\"wp-block-image size-large\"><a href=\"https:\/\/doi.org\/10.3390\/ijerph17082809\" target=\"_blank\" rel=\"noreferrer noopener\"><img decoding=\"async\" loading=\"lazy\" width=\"1024\" height=\"629\" src=\"https:\/\/espac.cadiz.es\/wp-content\/uploads\/2022\/10\/Captura-de-pantalla-2020-04-20-a-las-10.44.09-1024x629.png\" alt=\"\" class=\"wp-image-138\" srcset=\"https:\/\/espac.cadiz.es\/wp-content\/uploads\/2022\/10\/Captura-de-pantalla-2020-04-20-a-las-10.44.09-1024x629.png 1024w, https:\/\/espac.cadiz.es\/wp-content\/uploads\/2022\/10\/Captura-de-pantalla-2020-04-20-a-las-10.44.09-300x184.png 300w, https:\/\/espac.cadiz.es\/wp-content\/uploads\/2022\/10\/Captura-de-pantalla-2020-04-20-a-las-10.44.09-768x472.png 768w, https:\/\/espac.cadiz.es\/wp-content\/uploads\/2022\/10\/Captura-de-pantalla-2020-04-20-a-las-10.44.09.png 1126w\" sizes=\"(max-width: 1024px) 100vw, 1024px\" \/><\/a><figcaption><br><br><strong>OTP-PRL: UNA APLICACI\u00d3N PARA LA PREVENCI\u00d3N DE RIESGOS LABORALES EN ACTIVIDADES POLICIALES<\/strong><\/figcaption><\/figure>\n<\/div>\n<\/div>\n\n\n\n<div class=\"is-layout-flex wp-container-6 wp-block-columns\">\n<div class=\"is-layout-flow wp-block-column\">\n<figure class=\"wp-block-image size-full\"><a href=\"https:\/\/bmcpublichealth.biomedcentral.com\/articles\/10.1186\/s12889-019-7935-2\" target=\"_blank\" rel=\"noreferrer noopener\"><img decoding=\"async\" loading=\"lazy\" width=\"786\" height=\"503\" src=\"https:\/\/espac.cadiz.es\/wp-content\/uploads\/2022\/10\/Captura-de-pantalla-2019-12-04-a-las-9.04.53.png\" alt=\"\" class=\"wp-image-137\" srcset=\"https:\/\/espac.cadiz.es\/wp-content\/uploads\/2022\/10\/Captura-de-pantalla-2019-12-04-a-las-9.04.53.png 786w, https:\/\/espac.cadiz.es\/wp-content\/uploads\/2022\/10\/Captura-de-pantalla-2019-12-04-a-las-9.04.53-300x192.png 300w, https:\/\/espac.cadiz.es\/wp-content\/uploads\/2022\/10\/Captura-de-pantalla-2019-12-04-a-las-9.04.53-768x491.png 768w\" sizes=\"(max-width: 786px) 100vw, 786px\" \/><\/a><figcaption><strong>UN ENFOQUE DE MEDICINA LEGAL Y FORENSE PARA LAS T\u00c9CNICAS POLICIALES DE INTERVENCI\u00d3N F\u00cdSICA EN SITUACIONES DE ALTO RIESGO<\/strong><\/figcaption><\/figure>\n<\/div>\n\n\n\n<div class=\"is-layout-flow wp-block-column\">\n<figure class=\"wp-block-image size-large\"><a href=\"https:\/\/www.mdpi.com\/1660-4601\/19\/11\/6615\/htm#\" target=\"_blank\" rel=\"noreferrer noopener\"><img decoding=\"async\" loading=\"lazy\" width=\"1024\" height=\"522\" src=\"https:\/\/espac.cadiz.es\/wp-content\/uploads\/2022\/10\/Captura-de-pantalla-2022-05-29-a-las-21.48.04-1024x522.png\" alt=\"\" class=\"wp-image-136\" srcset=\"https:\/\/espac.cadiz.es\/wp-content\/uploads\/2022\/10\/Captura-de-pantalla-2022-05-29-a-las-21.48.04-1024x522.png 1024w, https:\/\/espac.cadiz.es\/wp-content\/uploads\/2022\/10\/Captura-de-pantalla-2022-05-29-a-las-21.48.04-300x153.png 300w, https:\/\/espac.cadiz.es\/wp-content\/uploads\/2022\/10\/Captura-de-pantalla-2022-05-29-a-las-21.48.04-768x392.png 768w, https:\/\/espac.cadiz.es\/wp-content\/uploads\/2022\/10\/Captura-de-pantalla-2022-05-29-a-las-21.48.04.png 1053w\" sizes=\"(max-width: 1024px) 100vw, 1024px\" \/><\/a><figcaption><br><br>AN\u00c1LISIS DE LOS PAR\u00c1METROS BIOMEC\u00c1NICOS EN LAS T\u00c9CNICAS DE INTERVENCI\u00d3N F\u00cdSICA POLICIAL PARA LA PREVENCI\u00d3N DE RIESGOS LABORALES<\/figcaption><\/figure>\n<\/div>\n<\/div>\n","protected":false},"excerpt":{"rendered":"","protected":false},"author":1,"featured_media":0,"parent":0,"menu_order":0,"comment_status":"closed","ping_status":"closed","template":"","meta":[],"_links":{"self":[{"href":"https:\/\/espac.cadiz.es\/index.php?rest_route=\/wp\/v2\/pages\/135"}],"collection":[{"href":"https:\/\/espac.cadiz.es\/index.php?rest_route=\/wp\/v2\/pages"}],"about":[{"href":"https:\/\/espac.cadiz.es\/index.php?rest_route=\/wp\/v2\/types\/page"}],"author":[{"embeddable":true,"href":"https:\/\/espac.cadiz.es\/index.php?rest_route=\/wp\/v2\/users\/1"}],"replies":[{"embeddable":true,"href":"https:\/\/espac.cadiz.es\/index.php?rest_route=%2Fwp%2Fv2%2Fcomments&post=135"}],"version-history":[{"count":5,"href":"https:\/\/espac.cadiz.es\/index.php?rest_route=\/wp\/v2\/pages\/135\/revisions"}],"predecessor-version":[{"id":227,"href":"https:\/\/espac.cadiz.es\/index.php?rest_route=\/wp\/v2\/pages\/135\/revisions\/227"}],"wp:attachment":[{"href":"https:\/\/espac.cadiz.es\/index.php?rest_route=%2Fwp%2Fv2%2Fmedia&parent=135"}],"curies":[{"name":"wp","href":"https:\/\/api.w.org\/{rel}","templated":true}]}}